{"id":6427,"date":"2024-07-01T20:16:06","date_gmt":"2024-07-01T20:16:06","guid":{"rendered":"https:\/\/grancanariaphotoshoot.com\/?page_id=6427"},"modified":"2025-09-11T16:10:30","modified_gmt":"2025-09-11T16:10:30","slug":"sesion-de-fotos-agaete","status":"publish","type":"page","link":"https:\/\/grancanariaphotoshoot.com\/es\/photoshoot-agaete\/","title":{"rendered":"Sesi\u00f3n de fotos Agaete"},"content":{"rendered":"<div data-elementor-type=\"wp-page\" data-elementor-id=\"6427\" class=\"elementor elementor-6427\" data-elementor-post-type=\"page\">\n\t\t\t\t\t\t<section class=\"elementor-section elementor-top-section elementor-element elementor-element-60b3aa83 elementor-section-height-min-height elementor-section-boxed elementor-section-height-default elementor-section-items-middle\" data-id=\"60b3aa83\" data-element_type=\"section\" data-e-type=\"section\" data-settings=\"{&quot;background_background&quot;:&quot;classic&quot;}\">\n\t\t\t\t\t\t\t<div class=\"elementor-background-overlay\"><\/div>\n\t\t\t\t\t\t\t<div class=\"elementor-container elementor-column-gap-default\">\n\t\t\t\t\t<div class=\"elementor-column elementor-col-100 elementor-top-column elementor-element elementor-element-529d4f05\" data-id=\"529d4f05\" data-element_type=\"column\" data-e-type=\"column\">\n\t\t\t<div class=\"elementor-widget-wrap elementor-element-populated\">\n\t\t\t\t\t\t<section class=\"elementor-section elementor-inner-section elementor-element elementor-element-5d15d775 elementor-section-boxed elementor-section-height-default elementor-section-height-default\" data-id=\"5d15d775\" data-element_type=\"section\" data-e-type=\"section\">\n\t\t\t\t\t\t<div class=\"elementor-container elementor-column-gap-default\">\n\t\t\t\t\t<div class=\"elementor-column elementor-col-100 elementor-inner-column elementor-element elementor-element-49e930f8 elementor-invisible\" data-id=\"49e930f8\" data-element_type=\"column\" data-e-type=\"column\" data-settings=\"{&quot;animation&quot;:&quot;fadeInRight&quot;}\">\n\t\t\t<div class=\"elementor-widget-wrap elementor-element-populated\">\n\t\t\t\t\t\t<div class=\"elementor-element elementor-element-9321b66 elementor-widget elementor-widget-heading\" data-id=\"9321b66\" data-element_type=\"widget\" data-e-type=\"widget\" data-settings=\"{&quot;_animation&quot;:&quot;none&quot;}\" data-widget_type=\"heading.default\">\n\t\t\t\t\t<h2 class=\"elementor-heading-title elementor-size-default\">Sesi\u00f3n de fotos Agaete<\/h2>\t\t\t\t<\/div>\n\t\t\t\t<div class=\"elementor-element elementor-element-26b25daa elementor-widget-mobile__width-initial elementor-widget elementor-widget-text-editor\" data-id=\"26b25daa\" data-element_type=\"widget\" data-e-type=\"widget\" data-settings=\"{&quot;_animation&quot;:&quot;none&quot;}\" data-widget_type=\"text-editor.default\">\n\t\t\t\t\t\t\t\t\t<p>Contrata a nuestro fot\u00f3grafo para una sesi\u00f3n de fotos profesional en el hermoso Agaete.<\/p>\t\t\t\t\t\t\t\t<\/div>\n\t\t\t\t<div class=\"elementor-element elementor-element-6bfe3b00 elementor-widget elementor-widget-button\" data-id=\"6bfe3b00\" data-element_type=\"widget\" data-e-type=\"widget\" data-widget_type=\"button.default\">\n\t\t\t\t\t\t\t\t\t\t<a class=\"elementor-button elementor-button-link elementor-size-sm\" href=\"https:\/\/grancanariaphotoshoot.com\/es\/pongase-en-contacto-con\/\">\n\t\t\t\t\t\t<span class=\"elementor-button-content-wrapper\">\n\t\t\t\t\t\t\t\t\t<span class=\"elementor-button-text\">Reserve ahora<\/span>\n\t\t\t\t\t<\/span>\n\t\t\t\t\t<\/a>\n\t\t\t\t\t\t\t\t<\/div>\n\t\t\t\t\t<\/div>\n\t\t<\/div>\n\t\t\t\t\t<\/div>\n\t\t<\/section>\n\t\t\t\t\t<\/div>\n\t\t<\/div>\n\t\t\t\t\t<\/div>\n\t\t<\/section>\n\t\t\t\t<section class=\"elementor-section elementor-top-section elementor-element elementor-element-5b774d15 elementor-section-boxed elementor-section-height-default elementor-section-height-default\" data-id=\"5b774d15\" data-element_type=\"section\" data-e-type=\"section\">\n\t\t\t\t\t\t<div class=\"elementor-container elementor-column-gap-default\">\n\t\t\t\t\t<div class=\"elementor-column elementor-col-100 elementor-top-column elementor-element elementor-element-5ed81d01\" data-id=\"5ed81d01\" data-element_type=\"column\" data-e-type=\"column\">\n\t\t\t<div class=\"elementor-widget-wrap elementor-element-populated\">\n\t\t\t\t\t\t<section class=\"elementor-section elementor-inner-section elementor-element elementor-element-7d3e5a65 elementor-section-boxed elementor-section-height-default elementor-section-height-default\" data-id=\"7d3e5a65\" data-element_type=\"section\" data-e-type=\"section\">\n\t\t\t\t\t\t<div class=\"elementor-container elementor-column-gap-default\">\n\t\t\t\t\t<div class=\"elementor-column elementor-col-50 elementor-inner-column elementor-element elementor-element-77ee47bf\" data-id=\"77ee47bf\" data-element_type=\"column\" data-e-type=\"column\">\n\t\t\t<div class=\"elementor-widget-wrap elementor-element-populated\">\n\t\t\t\t\t\t<div class=\"elementor-element elementor-element-5249ccb1 elementor-drop-cap-yes elementor-drop-cap-view-default elementor-widget elementor-widget-text-editor\" data-id=\"5249ccb1\" data-element_type=\"widget\" data-e-type=\"widget\" data-settings=\"{&quot;drop_cap&quot;:&quot;yes&quot;}\" data-widget_type=\"text-editor.default\">\n\t\t\t\t\t\t\t\t\t<h2><strong>Agaete Photoshoot Service by Gran Canaria Photoshoot.com<\/strong><\/h2><p>Descubra el encantador y pintoresco pueblo de Agaete con nuestro exclusivo servicio de sesiones fotogr\u00e1ficas ofrecido por Gran Canaria Photoshoot.com. Enclavado en la costa noroeste de Gran Canaria, Agaete es una joya escondida conocida por sus impresionantes paisajes naturales, su encantadora arquitectura y su ambiente tranquilo, lo que lo convierte en un lugar ideal para capturar impresionantes fotograf\u00edas.<\/p><p><strong>Reserva hoy mismo tu sesi\u00f3n de fotos en Agaete:<\/strong><\/p><p>Capture la magia de Agaete con nuestro servicio de sesi\u00f3n de fotos profesional. Si est\u00e1s celebrando una ocasi\u00f3n especial, viajando con tus seres queridos, o simplemente quieres crear bonitos recuerdos, Gran Canaria Photoshoot.com est\u00e1 aqu\u00ed para hacerlo realidad. P\u00f3ngase en contacto con nosotros hoy mismo para reservar su sesi\u00f3n y perm\u00edtanos ayudarle a crear recuerdos duraderos en este hermoso pueblo.<\/p>\t\t\t\t\t\t\t\t<\/div>\n\t\t\t\t<div class=\"elementor-element elementor-element-f1cff0c elementor-widget elementor-widget-text-editor\" data-id=\"f1cff0c\" data-element_type=\"widget\" data-e-type=\"widget\" data-widget_type=\"text-editor.default\">\n\t\t\t\t\t\t\t\t\t<h3><strong>\u00bfPor qu\u00e9 elegir una sesi\u00f3n de fotos en Agaete?<\/strong><\/h3><p>Agaete ofrece una mezcla \u00fanica de espectaculares acantilados, valles exuberantes y el encanto de un pueblo pintoresco. Nuestros fot\u00f3grafos profesionales conocen los mejores lugares de Agaete y se dedican a crear im\u00e1genes memorables y de alta calidad que reflejen la belleza y la serenidad de este lugar tan especial.<\/p><p><strong>Localizaciones para sesiones de fotos en Agaete:<\/strong><\/p><ol><li><p><strong>Puerto de Las Nieves:<\/strong><\/p><ul><li>Este encantador puerto pesquero es conocido por sus pintorescas casas encaladas, sus coloridas embarcaciones y la emblem\u00e1tica formaci\u00f3n rocosa Dedo de Dios. La serenidad del paseo mar\u00edtimo y la vibrante vida marina son el tel\u00f3n de fondo perfecto para unas fotos costeras impresionantes.<\/li><\/ul><\/li><li><p><strong>Valle de Agaete:<\/strong><\/p><ul><li>El exuberante y f\u00e9rtil valle de Agaete es famoso por sus plantaciones de caf\u00e9, sus \u00e1rboles frutales tropicales y sus paisajes en terrazas. Capte la belleza verde y el ambiente tranquilo de este valle \u00fanico, ideal para los amantes de la naturaleza.<\/li><\/ul><\/li><li><p><strong>Parque Natural de Tamadaba:<\/strong><\/p><ul><li>Situado cerca de Agaete, el Parque Natural de Tamadaba ofrece impresionantes vistas, densos pinares y escarpados acantilados. Este parque es perfecto para sesiones fotogr\u00e1ficas aventureras en medio de un entorno natural pr\u00edstino.<\/li><\/ul><\/li><li><p><strong>Aldea de Agaete:<\/strong><\/p><ul><li>Pasee por las estrechas calles del pueblo de Agaete, repletas de casas tradicionales canarias, encantadoras plazas y tiendas locales. El encanto aut\u00e9ntico y r\u00fastico del pueblo crea un entorno c\u00e1lido y acogedor para tus fotos.<\/li><\/ul><\/li><li><p><strong>Piscinas Naturales de Las Salinas:<\/strong><\/p><ul><li>Estas piscinas naturales de agua de mar excavadas en las rocas volc\u00e1nicas proporcionan un escenario \u00fanico y espectacular para una sesi\u00f3n fotogr\u00e1fica. El contraste entre las rocas oscuras y las aguas azules transparentes es visualmente impactante.<\/li><\/ul><\/li><\/ol>\t\t\t\t\t\t\t\t<\/div>\n\t\t\t\t\t<\/div>\n\t\t<\/div>\n\t\t\t\t<div class=\"elementor-column elementor-col-50 elementor-inner-column elementor-element elementor-element-96101e6\" data-id=\"96101e6\" data-element_type=\"column\" data-e-type=\"column\">\n\t\t\t<div class=\"elementor-widget-wrap elementor-element-populated\">\n\t\t\t\t\t\t<div class=\"elementor-element elementor-element-51d603ec elementor-widget__width-initial elementor-absolute elementor-invisible elementor-widget elementor-widget-spacer\" data-id=\"51d603ec\" data-element_type=\"widget\" data-e-type=\"widget\" data-settings=\"{&quot;_position&quot;:&quot;absolute&quot;,&quot;_animation&quot;:&quot;fadeInRight&quot;}\" data-widget_type=\"spacer.default\">\n\t\t\t\t\t\t\t<div class=\"elementor-spacer\">\n\t\t\t<div class=\"elementor-spacer-inner\"><\/div>\n\t\t<\/div>\n\t\t\t\t\t\t<\/div>\n\t\t\t\t<div class=\"elementor-element elementor-element-3b1fd56c elementor-invisible elementor-widget elementor-widget-image\" data-id=\"3b1fd56c\" data-element_type=\"widget\" data-e-type=\"widget\" data-settings=\"{&quot;_animation&quot;:&quot;fadeInLeft&quot;}\" data-widget_type=\"image.default\">\n\t\t\t\t\t\t\t\t\t\t\t\t\t\t\t<img fetchpriority=\"high\" decoding=\"async\" width=\"1920\" height=\"1080\" src=\"https:\/\/grancanariaphotoshoot.com\/wp-content\/uploads\/2024\/07\/aerial-view-of-the-town-of-agaete-at-summer-sunset-in-gran-canaria-spain.jpg\" class=\"attachment-full size-full wp-image-6455\" alt=\"Vista a\u00e9rea del pueblo de Agaete al atardecer de verano en Gran Canaria. Espa\u00f1a\" srcset=\"https:\/\/grancanariaphotoshoot.com\/wp-content\/uploads\/2024\/07\/aerial-view-of-the-town-of-agaete-at-summer-sunset-in-gran-canaria-spain.jpg 1920w, https:\/\/grancanariaphotoshoot.com\/wp-content\/uploads\/2024\/07\/aerial-view-of-the-town-of-agaete-at-summer-sunset-in-gran-canaria-spain-600x338.jpg 600w, https:\/\/grancanariaphotoshoot.com\/wp-content\/uploads\/2024\/07\/aerial-view-of-the-town-of-agaete-at-summer-sunset-in-gran-canaria-spain-300x169.jpg 300w, https:\/\/grancanariaphotoshoot.com\/wp-content\/uploads\/2024\/07\/aerial-view-of-the-town-of-agaete-at-summer-sunset-in-gran-canaria-spain-1024x576.jpg 1024w, https:\/\/grancanariaphotoshoot.com\/wp-content\/uploads\/2024\/07\/aerial-view-of-the-town-of-agaete-at-summer-sunset-in-gran-canaria-spain-768x432.jpg 768w, https:\/\/grancanariaphotoshoot.com\/wp-content\/uploads\/2024\/07\/aerial-view-of-the-town-of-agaete-at-summer-sunset-in-gran-canaria-spain-1536x864.jpg 1536w, https:\/\/grancanariaphotoshoot.com\/wp-content\/uploads\/2024\/07\/aerial-view-of-the-town-of-agaete-at-summer-sunset-in-gran-canaria-spain-18x10.jpg 18w\" sizes=\"(max-width: 1920px) 100vw, 1920px\" \/>\t\t\t\t\t\t\t\t\t\t\t\t\t\t\t<\/div>\n\t\t\t\t\t<\/div>\n\t\t<\/div>\n\t\t\t\t\t<\/div>\n\t\t<\/section>\n\t\t\t\t\t<\/div>\n\t\t<\/div>\n\t\t\t\t\t<\/div>\n\t\t<\/section>\n\t\t\t\t<\/div>","protected":false},"excerpt":{"rendered":"<p>Photoshoot Agaete Hire our photographer for a professional photoshoot in the beautiful Agaete. Book Now Agaete Photoshoot Service by Gran Canaria Photoshoot.com Discover the enchanting and picturesque village of Agaete with our exclusive photoshoot service offered by Gran Canaria Photoshoot.com. Nestled on the northwest coast of Gran Canaria, Agaete is a hidden gem known for [&hellip;]<\/p>\n","protected":false},"author":1,"featured_media":6429,"parent":0,"menu_order":0,"comment_status":"closed","ping_status":"closed","template":"","meta":{"footnotes":""},"class_list":["post-6427","page","type-page","status-publish","has-post-thumbnail","hentry"],"_links":{"self":[{"href":"https:\/\/grancanariaphotoshoot.com\/es\/wp-json\/wp\/v2\/pages\/6427","targetHints":{"allow":["GET"]}}],"collection":[{"href":"https:\/\/grancanariaphotoshoot.com\/es\/wp-json\/wp\/v2\/pages"}],"about":[{"href":"https:\/\/grancanariaphotoshoot.com\/es\/wp-json\/wp\/v2\/types\/page"}],"author":[{"embeddable":true,"href":"https:\/\/grancanariaphotoshoot.com\/es\/wp-json\/wp\/v2\/users\/1"}],"replies":[{"embeddable":true,"href":"https:\/\/grancanariaphotoshoot.com\/es\/wp-json\/wp\/v2\/comments?post=6427"}],"version-history":[{"count":34,"href":"https:\/\/grancanariaphotoshoot.com\/es\/wp-json\/wp\/v2\/pages\/6427\/revisions"}],"predecessor-version":[{"id":9425,"href":"https:\/\/grancanariaphotoshoot.com\/es\/wp-json\/wp\/v2\/pages\/6427\/revisions\/9425"}],"wp:featuredmedia":[{"embeddable":true,"href":"https:\/\/grancanariaphotoshoot.com\/es\/wp-json\/wp\/v2\/media\/6429"}],"wp:attachment":[{"href":"https:\/\/grancanariaphotoshoot.com\/es\/wp-json\/wp\/v2\/media?parent=6427"}],"curies":[{"name":"wp","href":"https:\/\/api.w.org\/{rel}","templated":true}]}}