{"id":6313,"date":"2024-07-01T18:52:50","date_gmt":"2024-07-01T18:52:50","guid":{"rendered":"https:\/\/grancanariaphotoshoot.com\/?page_id=6313"},"modified":"2025-10-21T19:34:08","modified_gmt":"2025-10-21T19:34:08","slug":"sesion-de-fotos-maspalomas","status":"publish","type":"page","link":"https:\/\/grancanariaphotoshoot.com\/es\/photoshoot-maspalomas\/","title":{"rendered":"Photoshoot Maspalomas"},"content":{"rendered":"<div data-elementor-type=\"wp-page\" data-elementor-id=\"6313\" class=\"elementor elementor-6313\" data-elementor-post-type=\"page\">\n\t\t\t\t\t\t<section class=\"elementor-section elementor-top-section elementor-element elementor-element-4fbf6424 elementor-section-height-min-height elementor-section-boxed elementor-section-height-default elementor-section-items-middle\" data-id=\"4fbf6424\" data-element_type=\"section\" data-e-type=\"section\" data-settings=\"{&quot;background_background&quot;:&quot;classic&quot;}\">\n\t\t\t\t\t\t\t<div class=\"elementor-background-overlay\"><\/div>\n\t\t\t\t\t\t\t<div class=\"elementor-container elementor-column-gap-default\">\n\t\t\t\t\t<div class=\"elementor-column elementor-col-100 elementor-top-column elementor-element elementor-element-61644a4e\" data-id=\"61644a4e\" data-element_type=\"column\" data-e-type=\"column\">\n\t\t\t<div class=\"elementor-widget-wrap elementor-element-populated\">\n\t\t\t\t\t\t<section class=\"elementor-section elementor-inner-section elementor-element elementor-element-5ae42a5a elementor-section-boxed elementor-section-height-default elementor-section-height-default\" data-id=\"5ae42a5a\" data-element_type=\"section\" data-e-type=\"section\">\n\t\t\t\t\t\t<div class=\"elementor-container elementor-column-gap-default\">\n\t\t\t\t\t<div class=\"elementor-column elementor-col-100 elementor-inner-column elementor-element elementor-element-17a7e43 elementor-invisible\" data-id=\"17a7e43\" data-element_type=\"column\" data-e-type=\"column\" data-settings=\"{&quot;animation&quot;:&quot;fadeInRight&quot;}\">\n\t\t\t<div class=\"elementor-widget-wrap elementor-element-populated\">\n\t\t\t\t\t\t<div class=\"elementor-element elementor-element-6c426f0c elementor-widget elementor-widget-heading\" data-id=\"6c426f0c\" data-element_type=\"widget\" data-e-type=\"widget\" data-settings=\"{&quot;_animation&quot;:&quot;none&quot;}\" data-widget_type=\"heading.default\">\n\t\t\t\t\t<h2 class=\"elementor-heading-title elementor-size-default\">Maspalomas<\/h2>\t\t\t\t<\/div>\n\t\t\t\t<div class=\"elementor-element elementor-element-42c26722 elementor-widget-mobile__width-initial elementor-widget elementor-widget-text-editor\" data-id=\"42c26722\" data-element_type=\"widget\" data-e-type=\"widget\" data-settings=\"{&quot;_animation&quot;:&quot;none&quot;}\" data-widget_type=\"text-editor.default\">\n\t\t\t\t\t\t\t\t\t<p>Reserve su sesi\u00f3n de fotos privada. Tambi\u00e9n hablamos neerland\u00e9s, espa\u00f1ol y alem\u00e1n.<\/p>\t\t\t\t\t\t\t\t<\/div>\n\t\t\t\t<div class=\"elementor-element elementor-element-19cb56b9 elementor-widget elementor-widget-button\" data-id=\"19cb56b9\" data-element_type=\"widget\" data-e-type=\"widget\" data-widget_type=\"button.default\">\n\t\t\t\t\t\t\t\t\t\t<a class=\"elementor-button elementor-button-link elementor-size-sm\" href=\"#\">\n\t\t\t\t\t\t<span class=\"elementor-button-content-wrapper\">\n\t\t\t\t\t\t\t\t\t<span class=\"elementor-button-text\">Reserve ahora<\/span>\n\t\t\t\t\t<\/span>\n\t\t\t\t\t<\/a>\n\t\t\t\t\t\t\t\t<\/div>\n\t\t\t\t\t<\/div>\n\t\t<\/div>\n\t\t\t\t\t<\/div>\n\t\t<\/section>\n\t\t\t\t\t<\/div>\n\t\t<\/div>\n\t\t\t\t\t<\/div>\n\t\t<\/section>\n\t\t\t\t<section class=\"elementor-section elementor-top-section elementor-element elementor-element-483a7251 elementor-section-boxed elementor-section-height-default elementor-section-height-default\" data-id=\"483a7251\" data-element_type=\"section\" data-e-type=\"section\">\n\t\t\t\t\t\t<div class=\"elementor-container elementor-column-gap-default\">\n\t\t\t\t\t<div class=\"elementor-column elementor-col-100 elementor-top-column elementor-element elementor-element-5235d881\" data-id=\"5235d881\" data-element_type=\"column\" data-e-type=\"column\">\n\t\t\t<div class=\"elementor-widget-wrap elementor-element-populated\">\n\t\t\t\t\t\t<div class=\"elementor-element elementor-element-38f0fc12 elementor-drop-cap-yes elementor-drop-cap-view-default elementor-widget elementor-widget-text-editor\" data-id=\"38f0fc12\" data-element_type=\"widget\" data-e-type=\"widget\" data-settings=\"{&quot;drop_cap&quot;:&quot;yes&quot;}\" data-widget_type=\"text-editor.default\">\n\t\t\t\t\t\t\t\t\t<p>Capture momentos inolvidables en medio de la impresionante belleza de las Dunas de Maspalomas en Gran Canaria. Nuestro servicio de sesiones fotogr\u00e1ficas profesionales ofrece una experiencia \u00fanica y memorable para particulares, parejas y familias, en uno de los paisajes m\u00e1s emblem\u00e1ticos de la isla.<\/p>\t\t\t\t\t\t\t\t<\/div>\n\t\t\t\t<section class=\"elementor-section elementor-inner-section elementor-element elementor-element-67a2a450 elementor-section-boxed elementor-section-height-default elementor-section-height-default\" data-id=\"67a2a450\" data-element_type=\"section\" data-e-type=\"section\">\n\t\t\t\t\t\t<div class=\"elementor-container elementor-column-gap-default\">\n\t\t\t\t\t<div class=\"elementor-column elementor-col-50 elementor-inner-column elementor-element elementor-element-1d3355ad\" data-id=\"1d3355ad\" data-element_type=\"column\" data-e-type=\"column\">\n\t\t\t<div class=\"elementor-widget-wrap elementor-element-populated\">\n\t\t\t\t\t\t<div class=\"elementor-element elementor-element-36641f5 elementor-widget elementor-widget-heading\" data-id=\"36641f5\" data-element_type=\"widget\" data-e-type=\"widget\" data-widget_type=\"heading.default\">\n\t\t\t\t\t<h2 class=\"elementor-heading-title elementor-size-default\">Maspalomas <\/h2>\t\t\t\t<\/div>\n\t\t\t\t<div class=\"elementor-element elementor-element-8bba034 elementor-widget elementor-widget-text-editor\" data-id=\"8bba034\" data-element_type=\"widget\" data-e-type=\"widget\" data-widget_type=\"text-editor.default\">\n\t\t\t\t\t\t\t\t\t<p><strong>Why Choose Maspalomas?<\/strong><\/p><p>Maspalomas is a natural wonder, featuring rolling sand dunes that stretch as far as the eye can see. This stunning backdrop provides a dramatic and picturesque setting for your photos, creating memories that will last a lifetime. Whether you&#8217;re celebrating a personal milestone, an engagement, an anniversary, or simply capturing the joy of a family vacation, the dunes offer a perfect blend of natural beauty and intimacy.<\/p>\t\t\t\t\t\t\t\t<\/div>\n\t\t\t\t<div class=\"elementor-element elementor-element-5e0f22d elementor-widget elementor-widget-text-editor\" data-id=\"5e0f22d\" data-element_type=\"widget\" data-e-type=\"widget\" data-widget_type=\"text-editor.default\">\n\t\t\t\t\t\t\t\t\t<p>Reserva tu sesi\u00f3n de fotos privada en Gran Canaria Photoshoot.<\/p>\t\t\t\t\t\t\t\t<\/div>\n\t\t\t\t\t<\/div>\n\t\t<\/div>\n\t\t\t\t<div class=\"elementor-column elementor-col-50 elementor-inner-column elementor-element elementor-element-f27e394\" data-id=\"f27e394\" data-element_type=\"column\" data-e-type=\"column\">\n\t\t\t<div class=\"elementor-widget-wrap elementor-element-populated\">\n\t\t\t\t\t\t<div class=\"elementor-element elementor-element-27f866e6 elementor-widget__width-initial elementor-absolute elementor-invisible elementor-widget elementor-widget-spacer\" data-id=\"27f866e6\" data-element_type=\"widget\" data-e-type=\"widget\" data-settings=\"{&quot;_position&quot;:&quot;absolute&quot;,&quot;_animation&quot;:&quot;fadeInRight&quot;}\" data-widget_type=\"spacer.default\">\n\t\t\t\t\t\t\t<div class=\"elementor-spacer\">\n\t\t\t<div class=\"elementor-spacer-inner\"><\/div>\n\t\t<\/div>\n\t\t\t\t\t\t<\/div>\n\t\t\t\t<div class=\"elementor-element elementor-element-567addaa elementor-invisible elementor-widget elementor-widget-image\" data-id=\"567addaa\" data-element_type=\"widget\" data-e-type=\"widget\" data-settings=\"{&quot;_animation&quot;:&quot;fadeInLeft&quot;}\" data-widget_type=\"image.default\">\n\t\t\t\t\t\t\t\t\t\t\t\t\t\t\t<img fetchpriority=\"high\" decoding=\"async\" width=\"1920\" height=\"1080\" src=\"https:\/\/grancanariaphotoshoot.com\/wp-content\/uploads\/2025\/09\/DSC05941-1.jpg\" class=\"attachment-full size-full wp-image-9465\" alt=\"\" srcset=\"https:\/\/grancanariaphotoshoot.com\/wp-content\/uploads\/2025\/09\/DSC05941-1.jpg 1920w, https:\/\/grancanariaphotoshoot.com\/wp-content\/uploads\/2025\/09\/DSC05941-1-300x169.jpg 300w, https:\/\/grancanariaphotoshoot.com\/wp-content\/uploads\/2025\/09\/DSC05941-1-1024x576.jpg 1024w, https:\/\/grancanariaphotoshoot.com\/wp-content\/uploads\/2025\/09\/DSC05941-1-768x432.jpg 768w, https:\/\/grancanariaphotoshoot.com\/wp-content\/uploads\/2025\/09\/DSC05941-1-1536x864.jpg 1536w, https:\/\/grancanariaphotoshoot.com\/wp-content\/uploads\/2025\/09\/DSC05941-1-18x10.jpg 18w\" sizes=\"(max-width: 1920px) 100vw, 1920px\" \/>\t\t\t\t\t\t\t\t\t\t\t\t\t\t\t<\/div>\n\t\t\t\t\t<\/div>\n\t\t<\/div>\n\t\t\t\t\t<\/div>\n\t\t<\/section>\n\t\t\t\t<section class=\"elementor-section elementor-inner-section elementor-element elementor-element-7f5dcc77 elementor-section-content-middle elementor-section-boxed elementor-section-height-default elementor-section-height-default\" data-id=\"7f5dcc77\" data-element_type=\"section\" data-e-type=\"section\">\n\t\t\t\t\t\t<div class=\"elementor-container elementor-column-gap-default\">\n\t\t\t\t\t<div class=\"elementor-column elementor-col-33 elementor-inner-column elementor-element elementor-element-2a0bc1f4 elementor-invisible\" data-id=\"2a0bc1f4\" data-element_type=\"column\" data-e-type=\"column\" data-settings=\"{&quot;animation&quot;:&quot;fadeInUp&quot;}\">\n\t\t\t<div class=\"elementor-widget-wrap\">\n\t\t\t\t\t\t\t<\/div>\n\t\t<\/div>\n\t\t\t\t<div class=\"elementor-column elementor-col-33 elementor-inner-column elementor-element elementor-element-76253ee3\" data-id=\"76253ee3\" data-element_type=\"column\" data-e-type=\"column\">\n\t\t\t<div class=\"elementor-widget-wrap elementor-element-populated\">\n\t\t\t\t\t\t<div class=\"elementor-element elementor-element-28827686 elementor-widget elementor-widget-text-editor\" data-id=\"28827686\" data-element_type=\"widget\" data-e-type=\"widget\" data-widget_type=\"text-editor.default\">\n\t\t\t\t\t\t\t\t\t<p>Nuestros experimentados fot\u00f3grafos se especializan en capturar la esencia \u00fanica de cada individuo, pareja o familia, asegur\u00e1ndose de que cada toma refleje sus emociones y conexiones genuinas.<\/p><p>Adaptamos cada sesi\u00f3n de fotos a tus preferencias, ayud\u00e1ndote a seleccionar las mejores localizaciones, poses y horas del d\u00eda para captar la luz perfecta.<\/p><p>Recibir\u00e1s una colecci\u00f3n de im\u00e1genes de alta resoluci\u00f3n editadas por profesionales que podr\u00e1s conservar para siempre.<\/p>\t\t\t\t\t\t\t\t<\/div>\n\t\t\t\t<div class=\"elementor-element elementor-element-2e5c6812 elementor-widget elementor-widget-button\" data-id=\"2e5c6812\" data-element_type=\"widget\" data-e-type=\"widget\" data-widget_type=\"button.default\">\n\t\t\t\t\t\t\t\t\t\t<a class=\"elementor-button elementor-button-link elementor-size-sm\" href=\"https:\/\/grancanariaphotoshoot.com\/es\/pongase-en-contacto-con\/\">\n\t\t\t\t\t\t<span class=\"elementor-button-content-wrapper\">\n\t\t\t\t\t\t\t\t\t<span class=\"elementor-button-text\">P\u00f3ngase en contacto con<\/span>\n\t\t\t\t\t<\/span>\n\t\t\t\t\t<\/a>\n\t\t\t\t\t\t\t\t<\/div>\n\t\t\t\t\t<\/div>\n\t\t<\/div>\n\t\t\t\t<div class=\"elementor-column elementor-col-33 elementor-inner-column elementor-element elementor-element-60f8d4ee\" data-id=\"60f8d4ee\" data-element_type=\"column\" data-e-type=\"column\">\n\t\t\t<div class=\"elementor-widget-wrap\">\n\t\t\t\t\t\t\t<\/div>\n\t\t<\/div>\n\t\t\t\t\t<\/div>\n\t\t<\/section>\n\t\t\t\t\t<\/div>\n\t\t<\/div>\n\t\t\t\t\t<\/div>\n\t\t<\/section>\n\t\t\t\t<\/div>","protected":false},"excerpt":{"rendered":"<p>Maspalomas Book your private photoshoot. We also speak Dutch, Spanish and German. Book Now Capture unforgettable moments amidst the breathtaking beauty of the Maspalomas Dunes in Gran Canaria. Our professional photoshoot service offers a unique and memorable experience for individuals, couples, and families, set against one of the island&#8217;s most iconic landscapes. Maspalomas Why Choose [&hellip;]<\/p>\n","protected":false},"author":1,"featured_media":0,"parent":0,"menu_order":0,"comment_status":"closed","ping_status":"closed","template":"","meta":{"footnotes":""},"class_list":["post-6313","page","type-page","status-publish","hentry"],"_links":{"self":[{"href":"https:\/\/grancanariaphotoshoot.com\/es\/wp-json\/wp\/v2\/pages\/6313","targetHints":{"allow":["GET"]}}],"collection":[{"href":"https:\/\/grancanariaphotoshoot.com\/es\/wp-json\/wp\/v2\/pages"}],"about":[{"href":"https:\/\/grancanariaphotoshoot.com\/es\/wp-json\/wp\/v2\/types\/page"}],"author":[{"embeddable":true,"href":"https:\/\/grancanariaphotoshoot.com\/es\/wp-json\/wp\/v2\/users\/1"}],"replies":[{"embeddable":true,"href":"https:\/\/grancanariaphotoshoot.com\/es\/wp-json\/wp\/v2\/comments?post=6313"}],"version-history":[{"count":25,"href":"https:\/\/grancanariaphotoshoot.com\/es\/wp-json\/wp\/v2\/pages\/6313\/revisions"}],"predecessor-version":[{"id":9581,"href":"https:\/\/grancanariaphotoshoot.com\/es\/wp-json\/wp\/v2\/pages\/6313\/revisions\/9581"}],"wp:attachment":[{"href":"https:\/\/grancanariaphotoshoot.com\/es\/wp-json\/wp\/v2\/media?parent=6313"}],"curies":[{"name":"wp","href":"https:\/\/api.w.org\/{rel}","templated":true}]}}